{"id":9,"date":"2021-10-08T10:59:08","date_gmt":"2021-10-08T08:59:08","guid":{"rendered":"https:\/\/www.youngtimer.vip\/?page_id=9"},"modified":"2021-10-08T11:26:59","modified_gmt":"2021-10-08T09:26:59","slug":"uvod","status":"publish","type":"page","link":"https:\/\/www.youngtimer.vip\/","title":{"rendered":"\u00davod"},"content":{"rendered":"\n<div style=\"height:215px\" aria-hidden=\"true\" class=\"wp-block-spacer\"><\/div>\n\n\n\n<div class=\"wp-block-group\"><div class=\"wp-block-group__inner-container is-layout-flow wp-block-group-is-layout-flow\">\n<div class=\"wp-block-columns is-layout-flex wp-container-core-columns-is-layout-28f84493 wp-block-columns-is-layout-flex\">\n<div class=\"wp-block-column is-layout-flow wp-block-column-is-layout-flow\" style=\"flex-basis:33.33%\">\n<p><\/p>\n<\/div>\n\n\n\n<div class=\"wp-block-column is-layout-flow wp-block-column-is-layout-flow\" style=\"flex-basis:66.66%\">\n<p>Na web str\u00e1nkach pr\u00e1ve prebieha \u00fadr\u017eba. Nav\u0161t\u00edvte n\u00e1s nesk\u00f4r pros\u00edm. \u010eakujeme za pochopenie.<\/p>\n<\/div>\n<\/div>\n<\/div><\/div>\n\n\n\n<div class=\"wp-block-image\"><figure class=\"aligncenter size-large\"><img loading=\"lazy\" decoding=\"async\" width=\"1024\" height=\"519\" src=\"https:\/\/www.youngtimer.vip\/wp-content\/uploads\/2021\/10\/Youngtimer.vip_-1024x519.jpg\" alt=\"\" class=\"wp-image-10\" srcset=\"https:\/\/www.youngtimer.vip\/wp-content\/uploads\/2021\/10\/Youngtimer.vip_-1024x519.jpg 1024w, https:\/\/www.youngtimer.vip\/wp-content\/uploads\/2021\/10\/Youngtimer.vip_-300x152.jpg 300w, https:\/\/www.youngtimer.vip\/wp-content\/uploads\/2021\/10\/Youngtimer.vip_-768x389.jpg 768w, https:\/\/www.youngtimer.vip\/wp-content\/uploads\/2021\/10\/Youngtimer.vip_-1536x779.jpg 1536w, https:\/\/www.youngtimer.vip\/wp-content\/uploads\/2021\/10\/Youngtimer.vip_.jpg 1600w\" sizes=\"auto, (max-width: 1024px) 100vw, 1024px\" \/><\/figure><\/div>\n","protected":false},"excerpt":{"rendered":"<p>Na web str\u00e1nkach pr\u00e1ve prebieha \u00fadr\u017eba. Nav\u0161t\u00edvte n\u00e1s nesk\u00f4r pros\u00edm. \u010eakujeme za pochopenie.<\/p>\n","protected":false},"author":1,"featured_media":0,"parent":0,"menu_order":0,"comment_status":"closed","ping_status":"closed","template":"page-templates\/template-pagebuilder-full-width.php","meta":{"footnotes":""},"class_list":["post-9","page","type-page","status-publish","hentry"],"_links":{"self":[{"href":"https:\/\/www.youngtimer.vip\/index.php?rest_route=\/wp\/v2\/pages\/9","targetHints":{"allow":["GET"]}}],"collection":[{"href":"https:\/\/www.youngtimer.vip\/index.php?rest_route=\/wp\/v2\/pages"}],"about":[{"href":"https:\/\/www.youngtimer.vip\/index.php?rest_route=\/wp\/v2\/types\/page"}],"author":[{"embeddable":true,"href":"https:\/\/www.youngtimer.vip\/index.php?rest_route=\/wp\/v2\/users\/1"}],"replies":[{"embeddable":true,"href":"https:\/\/www.youngtimer.vip\/index.php?rest_route=%2Fwp%2Fv2%2Fcomments&post=9"}],"version-history":[{"count":12,"href":"https:\/\/www.youngtimer.vip\/index.php?rest_route=\/wp\/v2\/pages\/9\/revisions"}],"predecessor-version":[{"id":33,"href":"https:\/\/www.youngtimer.vip\/index.php?rest_route=\/wp\/v2\/pages\/9\/revisions\/33"}],"wp:attachment":[{"href":"https:\/\/www.youngtimer.vip\/index.php?rest_route=%2Fwp%2Fv2%2Fmedia&parent=9"}],"curies":[{"name":"wp","href":"https:\/\/api.w.org\/{rel}","templated":true}]}}